{"id":1121,"date":"2023-08-11T07:12:57","date_gmt":"2023-08-11T07:12:57","guid":{"rendered":"https:\/\/themedox.com\/gerow\/?page_id=1121"},"modified":"2024-04-19T10:23:08","modified_gmt":"2024-04-19T08:23:08","slug":"projekti","status":"publish","type":"page","link":"https:\/\/generalsolutions.rs\/zh\/projekti\/","title":{"rendered":"\u9879\u76ee"},"content":{"rendered":"<div data-elementor-type=\"wp-page\" data-elementor-id=\"1121\" class=\"elementor elementor-1121\" data-elementor-post-type=\"page\">\n\t\t\t\t\t\t<section class=\"elementor-section elementor-top-section elementor-element elementor-element-27be114 elementor-section-boxed elementor-section-height-default elementor-section-height-default\" data-id=\"27be114\" data-element_type=\"section\" data-settings=\"{&quot;background_background&quot;:&quot;classic&quot;}\">\n\t\t\t\t\t\t<div class=\"elementor-container elementor-column-gap-no\">\n\t\t\t\t\t<div class=\"elementor-column elementor-col-100 elementor-top-column elementor-element elementor-element-2086488\" data-id=\"2086488\" data-element_type=\"column\">\n\t\t\t<div class=\"elementor-widget-wrap elementor-element-populated\">\n\t\t\t\t\t\t<section class=\"elementor-section elementor-inner-section elementor-element elementor-element-00c14c0 elementor-section-full_width elementor-section-content-middle elementor-section-height-default elementor-section-height-default\" data-id=\"00c14c0\" data-element_type=\"section\">\n\t\t\t\t\t\t<div class=\"elementor-container elementor-column-gap-no\">\n\t\t\t\t\t<div class=\"elementor-column elementor-col-50 elementor-inner-column elementor-element elementor-element-0ba1385\" data-id=\"0ba1385\" data-element_type=\"column\">\n\t\t\t<div class=\"elementor-widget-wrap elementor-element-populated\">\n\t\t\t\t\t\t<div class=\"elementor-element elementor-element-71cc16f elementor-widget elementor-widget-tg-heading\" data-id=\"71cc16f\" data-element_type=\"widget\" data-widget_type=\"tg-heading.default\">\n\t\t\t\t<div class=\"elementor-widget-container\">\n\t\t\t\t\t\r\n        \r\n            <div class=\"section-title section-title-three tg-heading-subheading animation-style2\">\r\n                                    <span class=\"sub-title tg-element-title\">\u6700\u65b0\u9879\u76ee<\/span>\r\n                \r\n                <h2 class=\"title tg-element-title\">\u8fc7\u53bb\u65f6\u671f\u7684\u5df2\u5b8c\u6210\u9879\u76ee<\/h2>\r\n            <\/div>\r\n\r\n        \r\n\t\t\t\t<\/div>\n\t\t\t\t<\/div>\n\t\t\t\t\t<\/div>\n\t\t<\/div>\n\t\t\t\t<div class=\"elementor-column elementor-col-50 elementor-inner-column elementor-element elementor-element-2e82f8a\" data-id=\"2e82f8a\" data-element_type=\"column\">\n\t\t\t<div class=\"elementor-widget-wrap elementor-element-populated\">\n\t\t\t\t\t\t<div class=\"elementor-element elementor-element-3a18aec elementor-widget__width-initial mx-auto me-lg-0 ms-lg-auto elementor-widget elementor-widget-heading\" data-id=\"3a18aec\" data-element_type=\"widget\" data-widget_type=\"heading.default\">\n\t\t\t\t<div class=\"elementor-widget-container\">\n\t\t\t\t\t<p class=\"elementor-heading-title elementor-size-default\">\u6211\u4eec\u671f\u5f85\u5206\u4eab\u5173\u4e8e\u6211\u4eec\u5df2\u5b8c\u6210\u9879\u76ee\u7684\u6210\u529f\u6545\u4e8b\uff0c\u8fd9\u4e9b\u6545\u4e8b\u88ab\u89c6\u4e3a\u6211\u4eec\u4e13\u4e1a\u3001\u7ecf\u9a8c\u548c\u521b\u65b0\u7684\u4f53\u73b0\u3002 <\/p>\t\t\t\t<\/div>\n\t\t\t\t<\/div>\n\t\t\t\t\t<\/div>\n\t\t<\/div>\n\t\t\t\t\t<\/div>\n\t\t<\/section>\n\t\t\t\t<section class=\"elementor-section elementor-inner-section elementor-element elementor-element-fe9645d elementor-section-full_width elementor-section-content-middle elementor-section-height-default elementor-section-height-default\" data-id=\"fe9645d\" data-element_type=\"section\">\n\t\t\t\t\t\t<div class=\"elementor-container elementor-column-gap-no\">\n\t\t\t\t\t<div class=\"elementor-column elementor-col-100 elementor-inner-column elementor-element elementor-element-87486e8\" data-id=\"87486e8\" data-element_type=\"column\">\n\t\t\t<div class=\"elementor-widget-wrap elementor-element-populated\">\n\t\t\t\t\t\t<div class=\"elementor-element elementor-element-fc08430 elementor-widget elementor-widget-project-list\" data-id=\"fc08430\" data-element_type=\"widget\" data-widget_type=\"project-list.default\">\n\t\t\t\t<div class=\"elementor-widget-container\">\n\t\t\t\t\t\r\n        \r\n            <div class=\"row justify-content-center\">\r\n                \r\n                                            <div class=\"col-lg-4 col-md-6\">\r\n                            <div class=\"project-item-two\">\r\n                                <div class=\"project-thumb-two\">\r\n                                    <img decoding=\"async\" src=\"https:\/\/generalsolutions.rs\/wp-content\/uploads\/2023\/08\/montazne-hale.jpg\" alt=\"Image\">\r\n                                <\/div>\r\n                                <div class=\"project-content-two\">\r\n                                    <h2 class=\"title\"><a href=\"https:\/\/generalsolutions.rs\/zh\/project\/montazne-hale\/\">\u62fc\u88c5\u5f0f\u5927\u5385<\/a><\/h2>\r\n                                    <span>\u9879\u76ee<\/span>\r\n                                    <a href=\"https:\/\/generalsolutions.rs\/zh\/project\/montazne-hale\/\" class=\"link-btn\"><i class=\"fas fa-chevron-right\"><\/i><\/a>\r\n                                <\/div>\r\n                            <\/div>\r\n                        <\/div>\r\n                    \r\n                \r\n                                            <div class=\"col-lg-4 col-md-6\">\r\n                            <div class=\"project-item-two\">\r\n                                <div class=\"project-thumb-two\">\r\n                                    <img decoding=\"async\" src=\"https:\/\/generalsolutions.rs\/wp-content\/uploads\/2023\/08\/metalni-kontejneri.jpg\" alt=\"Image\">\r\n                                <\/div>\r\n                                <div class=\"project-content-two\">\r\n                                    <h2 class=\"title\"><a href=\"https:\/\/generalsolutions.rs\/zh\/project\/izrada-kontejnera\/\">\u5236\u9020\u94a2\u8d28\u96c6\u88c5\u7bb1<\/a><\/h2>\r\n                                    <span>\u9879\u76ee<\/span>\r\n                                    <a href=\"https:\/\/generalsolutions.rs\/zh\/project\/izrada-kontejnera\/\" class=\"link-btn\"><i class=\"fas fa-chevron-right\"><\/i><\/a>\r\n                                <\/div>\r\n                            <\/div>\r\n                        <\/div>\r\n                    \r\n                \r\n                                            <div class=\"col-lg-4 col-md-6\">\r\n                            <div class=\"project-item-two\">\r\n                                <div class=\"project-thumb-two\">\r\n                                    <img decoding=\"async\" src=\"https:\/\/generalsolutions.rs\/wp-content\/uploads\/2023\/08\/metalna-ograda.jpg\" alt=\"Image\">\r\n                                <\/div>\r\n                                <div class=\"project-content-two\">\r\n                                    <h2 class=\"title\"><a href=\"https:\/\/generalsolutions.rs\/zh\/project\/izrada-kapija\/\">\u751f\u4ea7\u94a2\u95e8\u548c\u56f4\u680f<\/a><\/h2>\r\n                                    <span>\u9879\u76ee<\/span>\r\n                                    <a href=\"https:\/\/generalsolutions.rs\/zh\/project\/izrada-kapija\/\" class=\"link-btn\"><i class=\"fas fa-chevron-right\"><\/i><\/a>\r\n                                <\/div>\r\n                            <\/div>\r\n                        <\/div>\r\n                    \r\n                \r\n                    \r\n                \r\n                    \r\n                \r\n                    \r\n                \r\n                    \r\n                \r\n                    \r\n                            <\/div>\r\n\r\n        \r\n\t\t\t\t<\/div>\n\t\t\t\t<\/div>\n\t\t\t\t\t<\/div>\n\t\t<\/div>\n\t\t\t\t\t<\/div>\n\t\t<\/section>\n\t\t\t\t\t<\/div>\n\t\t<\/div>\n\t\t\t\t\t<\/div>\n\t\t<\/section>\n\t\t\t\t<section class=\"elementor-section elementor-top-section elementor-element elementor-element-4ef4ffd elementor-section-boxed elementor-section-height-default elementor-section-height-default\" data-id=\"4ef4ffd\" data-element_type=\"section\">\n\t\t\t\t\t\t<div class=\"elementor-container elementor-column-gap-no\">\n\t\t\t\t\t<div class=\"elementor-column elementor-col-100 elementor-top-column elementor-element elementor-element-34a3d1a\" data-id=\"34a3d1a\" data-element_type=\"column\">\n\t\t\t<div class=\"elementor-widget-wrap elementor-element-populated\">\n\t\t\t\t\t\t<div class=\"elementor-element elementor-element-be28285 elementor-widget elementor-widget-brand\" data-id=\"be28285\" data-element_type=\"widget\" data-widget_type=\"brand.default\">\n\t\t\t\t<div class=\"elementor-widget-container\">\n\t\t\t\t\t\r\n        <script>\r\n            jQuery(document).ready(function($) {\r\n                \/*=============================================\r\n                    =    \t\tBrand Active\t\t      =\r\n                =============================================*\/\r\n                $('.brand-active').slick({\r\n                    dots: false,\r\n                    infinite: true,\r\n                    speed: 1000,\r\n                    autoplay: true,\r\n                    arrows: false,\r\n                    slidesToShow: 5,\r\n                    slidesToScroll: 1,\r\n                    responsive: [{\r\n                            breakpoint: 1200,\r\n                            settings: {\r\n                                slidesToShow: 5,\r\n                                slidesToScroll: 1,\r\n                                infinite: true,\r\n                            }\r\n                        },\r\n                        {\r\n                            breakpoint: 992,\r\n                            settings: {\r\n                                slidesToShow: 4,\r\n                                slidesToScroll: 1\r\n                            }\r\n                        },\r\n                        {\r\n                            breakpoint: 767,\r\n                            settings: {\r\n                                slidesToShow: 3,\r\n                                slidesToScroll: 1,\r\n                                arrows: false,\r\n                            }\r\n                        },\r\n                        {\r\n                            breakpoint: 575,\r\n                            settings: {\r\n                                slidesToShow: 2,\r\n                                slidesToScroll: 1,\r\n                                arrows: false,\r\n                            }\r\n                        },\r\n                    ]\r\n                });\r\n            });\r\n        <\/script>\r\n\r\n        <div class=\"row brand-active\">\r\n                            <div class=\"col-lg-12\">\r\n                    <div class=\"brand-item\">\r\n                                                    <a href=\"https:\/\/www.novaresteam.com\/\"><img decoding=\"async\" src=\"https:\/\/generalsolutions.rs\/wp-content\/uploads\/2024\/01\/novares.png\" alt=\"\"><\/a>\r\n                                            <\/div>\r\n                <\/div>\r\n                            <div class=\"col-lg-12\">\r\n                    <div class=\"brand-item\">\r\n                                                    <a href=\"https:\/\/www.dianatrans.ro\/\"><img decoding=\"async\" src=\"https:\/\/generalsolutions.rs\/wp-content\/uploads\/2024\/01\/diana.png\" alt=\"\"><\/a>\r\n                                            <\/div>\r\n                <\/div>\r\n                            <div class=\"col-lg-12\">\r\n                    <div class=\"brand-item\">\r\n                                                    <a href=\"https:\/\/www.assaabloy.com\/group\/en\"><img decoding=\"async\" src=\"https:\/\/generalsolutions.rs\/wp-content\/uploads\/2024\/01\/assa-abloy.png\" alt=\"\"><\/a>\r\n                                            <\/div>\r\n                <\/div>\r\n                            <div class=\"col-lg-12\">\r\n                    <div class=\"brand-item\">\r\n                                                    <a href=\"https:\/\/srbijavoz.rs\/\"><img decoding=\"async\" src=\"https:\/\/generalsolutions.rs\/wp-content\/uploads\/2024\/01\/voz.jpg\" alt=\"\"><\/a>\r\n                                            <\/div>\r\n                <\/div>\r\n                            <div class=\"col-lg-12\">\r\n                    <div class=\"brand-item\">\r\n                                                    <a href=\"https:\/\/rs.draexlmaier.com\/\"><img decoding=\"async\" src=\"https:\/\/generalsolutions.rs\/wp-content\/uploads\/2024\/01\/draxl.jpg\" alt=\"\"><\/a>\r\n                                            <\/div>\r\n                <\/div>\r\n                            <div class=\"col-lg-12\">\r\n                    <div class=\"brand-item\">\r\n                                                    <a href=\"https:\/\/www.kuka.com\/en-de\"><img decoding=\"async\" src=\"https:\/\/generalsolutions.rs\/wp-content\/uploads\/2024\/01\/kuka.jpg\" alt=\"\"><\/a>\r\n                                            <\/div>\r\n                <\/div>\r\n                            <div class=\"col-lg-12\">\r\n                    <div class=\"brand-item\">\r\n                                                    <a href=\"#\"><img decoding=\"async\" src=\"https:\/\/generalsolutions.rs\/wp-content\/uploads\/2024\/01\/mehler.jpg\" alt=\"\"><\/a>\r\n                                            <\/div>\r\n                <\/div>\r\n                    <\/div>\r\n\r\n\t\t\t\t<\/div>\n\t\t\t\t<\/div>\n\t\t\t\t\t<\/div>\n\t\t<\/div>\n\t\t\t\t\t<\/div>\n\t\t<\/section>\n\t\t\t\t<\/div>","protected":false},"excerpt":{"rendered":"<p>Najnoviji projekti Realizovani projekti u proteklom periodu Radujemo se deljenju uspe\u0161nih pri\u010da o na\u0161im zavr\u0161enim projektima, koje smatramo odrazom na\u0161e posve\u0107enosti, stru\u010dnosti i inovativnosti. Projekat broj 1 Projekti Projekat broj 2 Projekti Projekat broj 3 Projekti<\/p>","protected":false},"author":1,"featured_media":0,"parent":0,"menu_order":0,"comment_status":"closed","ping_status":"closed","template":"elementor_header_footer","meta":{"_acf_changed":false,"_monsterinsights_skip_tracking":false,"_monsterinsights_sitenote_active":false,"_monsterinsights_sitenote_note":"","_monsterinsights_sitenote_category":0,"footnotes":""},"class_list":["post-1121","page","type-page","status-publish","hentry"],"acf":[],"aioseo_notices":[],"_links":{"self":[{"href":"https:\/\/generalsolutions.rs\/zh\/wp-json\/wp\/v2\/pages\/1121","targetHints":{"allow":["GET"]}}],"collection":[{"href":"https:\/\/generalsolutions.rs\/zh\/wp-json\/wp\/v2\/pages"}],"about":[{"href":"https:\/\/generalsolutions.rs\/zh\/wp-json\/wp\/v2\/types\/page"}],"author":[{"embeddable":true,"href":"https:\/\/generalsolutions.rs\/zh\/wp-json\/wp\/v2\/users\/1"}],"replies":[{"embeddable":true,"href":"https:\/\/generalsolutions.rs\/zh\/wp-json\/wp\/v2\/comments?post=1121"}],"version-history":[{"count":0,"href":"https:\/\/generalsolutions.rs\/zh\/wp-json\/wp\/v2\/pages\/1121\/revisions"}],"wp:attachment":[{"href":"https:\/\/generalsolutions.rs\/zh\/wp-json\/wp\/v2\/media?parent=1121"}],"curies":[{"name":"wp","href":"https:\/\/api.w.org\/{rel}","templated":true}]}}